{"id":3431,"date":"2015-02-01T17:32:32","date_gmt":"2015-02-01T17:32:32","guid":{"rendered":"http:\/\/www.riscreen.de\/?page_id=69"},"modified":"2015-02-01T17:32:32","modified_gmt":"2015-02-01T17:32:32","slug":"compliance-software","status":"publish","type":"page","link":"https:\/\/riscreen.de\/en\/compliance-management\/compliance-software\/","title":{"rendered":"Riscreen Compliance Software"},"content":{"rendered":"<h2 class=\"wp-block-heading\" id=\"effizienteres-compliance-management\">Effizienteres Compliance Management<\/h2>\n\n<h3 class=\"wp-block-heading\" id=\"uberblick\">\u00dcberblick<\/h3>\n\n\n<p>Die RISCREEN Compliance Software unterst\u00fctzt Sie dabei ihre regelm\u00e4\u00dfige Compliance Pr\u00fcfung einfach, unkompliziert und auf Ihr Unternehmen zugeschnitten durchf\u00fchren k\u00f6nnen. Sie erhalten \u00dcberblick \u00fcber die f\u00fcr ihr Unternehmen relevanten Gesetze, k\u00f6nnen diese pr\u00fcfen und erhalten eine Risikoanalyse, basierend auf der eingegeben Information. Mit der Nutzung unserer Compliance L\u00f6sung k\u00f6nnen Sie bis zu 30 % Ihrer compliance bezogenen Kosten einsparen und Ihre freigewordenen Ressourcen f\u00fcr die produktive Entwicklung Ihres Kerngesch\u00e4fts einsetzen.<\/p>\n\n\n<h3 class=\"wp-block-heading\" id=\"optimales-compliance-prozess-management\">Optimales Compliance Prozess Management<\/h3>\n\n\n<p>RISCREEN verfolgt einen EDV gest\u00fctzten Top &#8211; Down Ansatz, indem die einzelnen Vorschriften in die kleinste sinnvolle Einheit zerlegt werden und diese einzelnen Abteilungen \/ Rollen in einer \u201eModell-Organisation\u201c zugewiesen werden. Die Software dazu ist das Herzst\u00fcck und wurde von RISCREEN entwickelt und befindet sich im alleinigen Eigentum von RISCREEN. Sie dokumentiert den gesamten Pr\u00fcfungsprozess revisionssicher und erlaubt Zeitreihenanalysen und dokumentiert neben ggf. ge\u00e4nderten Anforderungen auch ver\u00e4nderte organisatorische Prozesse und Qualit\u00e4tsentwicklungen. Das System erlaubt eine \u00dcberwachung des Compliance Prozesses in Echtzeit und generiert am Ende die entsprechenden Berichte, die als Anhang zu einem WP-Bericht dienen k\u00f6nnen.<\/p>\n\n\n<h3 class=\"wp-block-heading\" id=\"dernbspnutzen-fur-ihre-compliance-aufgaben\">Der Nutzen f\u00fcr Ihre Compliance Aufgaben<\/h3>\n\n\n<p>Durch den Top-Down Ansatz mit einer Echtzeit-\u00dcberwachungsfunktionalit\u00e4t im Bereich der Risikoanalyse ist der Compliance-Verantwortliche jederzeit in der Lage zentralisiert die aktuelle Umsetzung der jeweiligen Compliance-Anforderungen im Unternehmen zu \u00fcberwachen. Die GAP-Analyse erm\u00f6glicht dem Compliance-Verantwortlichen einen Einblick in die f\u00fcr sein Unternehmen relevanten \u00c4nderungen fr\u00fchzeitig zu analysieren und darauf aufbauend entsprechende Ma\u00dfnahmen einzuleiten. Die Berichtsfunktion gibt ihm eine revisionssichere Dokumentation \u00fcber den Erf\u00fcllungsgrad der Compliance in seinem Unternehmen, einschlie\u00dflich einer unternehmensspezifischen Risikobetrachtung, auf deren Basis er sowohl der Gesch\u00e4ftsleitung als auch Dritten (z.B. Wirtschaftspr\u00fcfern, Interne Revision, Aufsichtsbeh\u00f6rden) Bericht erstatten kann. Durch die M\u00f6glichkeit der \u00dcbernahme von historischen Daten wird der sowohl in die Lage versetzt Zeitreihenanalysen zu erstellen als auch die Fortentwicklung der Compliance zu \u00fcberwachen. Durch den zentralen \u201etop-down\u201c-Ansatz und die B\u00fcndelung von Informationen wird er dar\u00fcber hinaus in die Lage versetzt die Compliance i.S. einer \u201ethree lines of defence\u201c-Strategie umzusetzen, die Abteilungen der Organisation als \u201efirst line of defense\u201c zu operationalisieren und dadurch vorhandene Ressourcen optimal zu nutzen und dadurch Kosten f\u00fcr die Compliance und deren Pr\u00fcfung zu reduzieren. Zudem verringert die Nutzung von RISCREEN dass Risiko von Verfehlungen und die damit verbundenen Kosten und Reputationssch\u00e4den.<\/p>\n\n\n<h3 class=\"wp-block-heading\" id=\"internationale-compliance\">Internationale Compliance<\/h3>\n\n\n<p>Um einen internationalen Einsatz des Produktes zu erm\u00f6glichen, baut die Datenbank in erster Linie auf den Vorgaben des EU-Rechtes auf und verweist dann auf nationales Recht, sofern notwendig. Hintergrund hierf\u00fcr ist das Primat des EU-Rechts \u00fcber das nationale Recht. U.a. sind Vorgaben der EU auf Verordnungs- und nachgeordneten Ebenen unmittelbar durch die Institute umzusetzen. Dar\u00fcber hinaus ist eine Mehrsprachigkeit der Software vorgesehen.<\/p>\n\n\n\n<figure class=\"wp-block-image size-full\"><img loading=\"lazy\" decoding=\"async\" width=\"710\" height=\"710\" src=\"https:\/\/riscreen.de\/en\/wp-content\/uploads\/sites\/2\/2022\/06\/Riscreen-Software-Features-de.png\" alt=\"compliance software features\" class=\"wp-image-3691\" srcset=\"https:\/\/riscreen.de\/en\/wp-content\/uploads\/sites\/2\/2022\/06\/Riscreen-Software-Features-de.png 710w, https:\/\/riscreen.de\/en\/wp-content\/uploads\/sites\/2\/2022\/06\/Riscreen-Software-Features-de-300x300.png 300w, https:\/\/riscreen.de\/en\/wp-content\/uploads\/sites\/2\/2022\/06\/Riscreen-Software-Features-de-150x150.png 150w\" sizes=\"auto, (max-width: 710px) 100vw, 710px\" \/><\/figure>\n\n\n<h3 class=\"wp-block-heading\" id=\"kosten\">Kosten<\/h3>\n\n\n<p>Die Software ist modular aufgebaut. Derzeit orientieren sich die Module an den jeweiligen Vorschriftengruppen. Als Vorschriftengruppen werden thematisch zusammenh\u00e4ngende Vorschriften bezeichnet, wie z.B. die Vorschriftengruppe \u201eSecurities\u201c die s\u00e4mtliche relevanten wertpapiergesch\u00e4ftsbezogenen EU-Vorschriften als auch die jeweiligen nationalen Vorschriften des Kunden ber\u00fccksichtigt. Es ist pro Modul eine monatliche Lizenzgeb\u00fchr zu zahlen.<\/p>\n\n\n\n<p><\/p>\n","protected":false},"excerpt":{"rendered":"<p>Effizienteres Compliance Management \u00dcberblick Die RISCREEN Compliance Software unterst\u00fctzt Sie dabei ihre regelm\u00e4\u00dfige Compliance Pr\u00fcfung einfach, unkompliziert und auf Ihr Unternehmen zugeschnitten durchf\u00fchren k\u00f6nnen. Sie erhalten \u00dcberblick \u00fcber die f\u00fcr ihr Unternehmen relevanten Gesetze, k\u00f6nnen diese pr\u00fcfen und erhalten eine Risikoanalyse, basierend auf der eingegeben Information. Mit der Nutzung unserer Compliance L\u00f6sung k\u00f6nnen Sie bis [&hellip;]<\/p>\n","protected":false},"author":3,"featured_media":0,"parent":15,"menu_order":0,"comment_status":"closed","ping_status":"closed","template":"","meta":{"footnotes":""},"class_list":["post-3431","page","type-page","status-publish","hentry"],"yoast_head":"<!-- This site is optimized with the Yoast SEO plugin v27.4 - https:\/\/yoast.com\/product\/yoast-seo-wordpress\/ -->\n<title>Riscreen Compliance Software | Riscreen<\/title>\n<meta name=\"description\" content=\"Mit der Riscreen Compliance Software k\u00f6nnen Sie die Compliance Prozesse in Ihrem Unternehmen effizient verwalten und sparen Kosten ein\" \/>\n<meta name=\"robots\" content=\"index, follow, max-snippet:-1, max-image-preview:large, max-video-preview:-1\" \/>\n<link rel=\"canonical\" href=\"https:\/\/riscreen.de\/en\/compliance-management\/compliance-software\/\" \/>\n<meta property=\"og:locale\" content=\"en_GB\" \/>\n<meta property=\"og:type\" content=\"article\" \/>\n<meta property=\"og:title\" content=\"Riscreen Compliance Software | Riscreen\" \/>\n<meta property=\"og:description\" content=\"Mit der Riscreen Compliance Software k\u00f6nnen Sie die Compliance Prozesse in Ihrem Unternehmen effizient verwalten und sparen Kosten ein\" \/>\n<meta property=\"og:url\" content=\"https:\/\/riscreen.de\/en\/compliance-management\/compliance-software\/\" \/>\n<meta property=\"og:site_name\" content=\"Riscreen\" \/>\n<meta property=\"og:image\" content=\"https:\/\/riscreen.de\/en\/wp-content\/uploads\/sites\/2\/2022\/06\/Riscreen-Software-Features-de.png\" \/>\n<meta name=\"twitter:card\" content=\"summary_large_image\" \/>\n<meta name=\"twitter:label1\" content=\"Estimated reading time\" \/>\n\t<meta name=\"twitter:data1\" content=\"3 minutes\" \/>\n<script type=\"application\/ld+json\" class=\"yoast-schema-graph\">{\"@context\":\"https:\\\/\\\/schema.org\",\"@graph\":[{\"@type\":\"WebPage\",\"@id\":\"https:\\\/\\\/riscreen.de\\\/en\\\/compliance-management\\\/compliance-software\\\/\",\"url\":\"https:\\\/\\\/riscreen.de\\\/en\\\/compliance-management\\\/compliance-software\\\/\",\"name\":\"Riscreen Compliance Software | Riscreen\",\"isPartOf\":{\"@id\":\"https:\\\/\\\/riscreen.de\\\/en\\\/#website\"},\"primaryImageOfPage\":{\"@id\":\"https:\\\/\\\/riscreen.de\\\/en\\\/compliance-management\\\/compliance-software\\\/#primaryimage\"},\"image\":{\"@id\":\"https:\\\/\\\/riscreen.de\\\/en\\\/compliance-management\\\/compliance-software\\\/#primaryimage\"},\"thumbnailUrl\":\"https:\\\/\\\/riscreen.de\\\/en\\\/wp-content\\\/uploads\\\/sites\\\/2\\\/2022\\\/06\\\/Riscreen-Software-Features-de.png\",\"datePublished\":\"2015-02-01T17:32:32+00:00\",\"description\":\"Mit der Riscreen Compliance Software k\u00f6nnen Sie die Compliance Prozesse in Ihrem Unternehmen effizient verwalten und sparen Kosten ein\",\"breadcrumb\":{\"@id\":\"https:\\\/\\\/riscreen.de\\\/en\\\/compliance-management\\\/compliance-software\\\/#breadcrumb\"},\"inLanguage\":\"en-GB\",\"potentialAction\":[{\"@type\":\"ReadAction\",\"target\":[\"https:\\\/\\\/riscreen.de\\\/en\\\/compliance-management\\\/compliance-software\\\/\"]}]},{\"@type\":\"ImageObject\",\"inLanguage\":\"en-GB\",\"@id\":\"https:\\\/\\\/riscreen.de\\\/en\\\/compliance-management\\\/compliance-software\\\/#primaryimage\",\"url\":\"https:\\\/\\\/riscreen.de\\\/en\\\/wp-content\\\/uploads\\\/sites\\\/2\\\/2022\\\/06\\\/Riscreen-Software-Features-de.png\",\"contentUrl\":\"https:\\\/\\\/riscreen.de\\\/en\\\/wp-content\\\/uploads\\\/sites\\\/2\\\/2022\\\/06\\\/Riscreen-Software-Features-de.png\",\"width\":710,\"height\":710},{\"@type\":\"BreadcrumbList\",\"@id\":\"https:\\\/\\\/riscreen.de\\\/en\\\/compliance-management\\\/compliance-software\\\/#breadcrumb\",\"itemListElement\":[{\"@type\":\"ListItem\",\"position\":1,\"name\":\"Home\",\"item\":\"https:\\\/\\\/riscreen.de\\\/en\\\/\"},{\"@type\":\"ListItem\",\"position\":2,\"name\":\"Compliance Management\",\"item\":\"https:\\\/\\\/riscreen.de\\\/en\\\/compliance-management\\\/\"},{\"@type\":\"ListItem\",\"position\":3,\"name\":\"Riscreen Compliance Software\"}]},{\"@type\":\"WebSite\",\"@id\":\"https:\\\/\\\/riscreen.de\\\/en\\\/#website\",\"url\":\"https:\\\/\\\/riscreen.de\\\/en\\\/\",\"name\":\"Riscreen\",\"description\":\"Compliance Consulting\",\"publisher\":{\"@id\":\"https:\\\/\\\/riscreen.de\\\/en\\\/#organization\"},\"potentialAction\":[{\"@type\":\"SearchAction\",\"target\":{\"@type\":\"EntryPoint\",\"urlTemplate\":\"https:\\\/\\\/riscreen.de\\\/en\\\/?s={search_term_string}\"},\"query-input\":{\"@type\":\"PropertyValueSpecification\",\"valueRequired\":true,\"valueName\":\"search_term_string\"}}],\"inLanguage\":\"en-GB\"},{\"@type\":\"Organization\",\"@id\":\"https:\\\/\\\/riscreen.de\\\/en\\\/#organization\",\"name\":\"Riscreen\",\"url\":\"https:\\\/\\\/riscreen.de\\\/en\\\/\",\"logo\":{\"@type\":\"ImageObject\",\"inLanguage\":\"en-GB\",\"@id\":\"https:\\\/\\\/riscreen.de\\\/en\\\/#\\\/schema\\\/logo\\\/image\\\/\",\"url\":\"https:\\\/\\\/riscreen.de\\\/en\\\/wp-content\\\/uploads\\\/sites\\\/2\\\/2022\\\/05\\\/riscreen_logo_rgb.png\",\"contentUrl\":\"https:\\\/\\\/riscreen.de\\\/en\\\/wp-content\\\/uploads\\\/sites\\\/2\\\/2022\\\/05\\\/riscreen_logo_rgb.png\",\"width\":505,\"height\":95,\"caption\":\"Riscreen\"},\"image\":{\"@id\":\"https:\\\/\\\/riscreen.de\\\/en\\\/#\\\/schema\\\/logo\\\/image\\\/\"}}]}<\/script>\n<!-- \/ Yoast SEO plugin. -->","yoast_head_json":{"title":"Riscreen Compliance Software | Riscreen","description":"Mit der Riscreen Compliance Software k\u00f6nnen Sie die Compliance Prozesse in Ihrem Unternehmen effizient verwalten und sparen Kosten ein","robots":{"index":"index","follow":"follow","max-snippet":"max-snippet:-1","max-image-preview":"max-image-preview:large","max-video-preview":"max-video-preview:-1"},"canonical":"https:\/\/riscreen.de\/en\/compliance-management\/compliance-software\/","og_locale":"en_GB","og_type":"article","og_title":"Riscreen Compliance Software | Riscreen","og_description":"Mit der Riscreen Compliance Software k\u00f6nnen Sie die Compliance Prozesse in Ihrem Unternehmen effizient verwalten und sparen Kosten ein","og_url":"https:\/\/riscreen.de\/en\/compliance-management\/compliance-software\/","og_site_name":"Riscreen","og_image":[{"url":"https:\/\/riscreen.de\/en\/wp-content\/uploads\/sites\/2\/2022\/06\/Riscreen-Software-Features-de.png","type":"","width":"","height":""}],"twitter_card":"summary_large_image","twitter_misc":{"Estimated reading time":"3 minutes"},"schema":{"@context":"https:\/\/schema.org","@graph":[{"@type":"WebPage","@id":"https:\/\/riscreen.de\/en\/compliance-management\/compliance-software\/","url":"https:\/\/riscreen.de\/en\/compliance-management\/compliance-software\/","name":"Riscreen Compliance Software | Riscreen","isPartOf":{"@id":"https:\/\/riscreen.de\/en\/#website"},"primaryImageOfPage":{"@id":"https:\/\/riscreen.de\/en\/compliance-management\/compliance-software\/#primaryimage"},"image":{"@id":"https:\/\/riscreen.de\/en\/compliance-management\/compliance-software\/#primaryimage"},"thumbnailUrl":"https:\/\/riscreen.de\/en\/wp-content\/uploads\/sites\/2\/2022\/06\/Riscreen-Software-Features-de.png","datePublished":"2015-02-01T17:32:32+00:00","description":"Mit der Riscreen Compliance Software k\u00f6nnen Sie die Compliance Prozesse in Ihrem Unternehmen effizient verwalten und sparen Kosten ein","breadcrumb":{"@id":"https:\/\/riscreen.de\/en\/compliance-management\/compliance-software\/#breadcrumb"},"inLanguage":"en-GB","potentialAction":[{"@type":"ReadAction","target":["https:\/\/riscreen.de\/en\/compliance-management\/compliance-software\/"]}]},{"@type":"ImageObject","inLanguage":"en-GB","@id":"https:\/\/riscreen.de\/en\/compliance-management\/compliance-software\/#primaryimage","url":"https:\/\/riscreen.de\/en\/wp-content\/uploads\/sites\/2\/2022\/06\/Riscreen-Software-Features-de.png","contentUrl":"https:\/\/riscreen.de\/en\/wp-content\/uploads\/sites\/2\/2022\/06\/Riscreen-Software-Features-de.png","width":710,"height":710},{"@type":"BreadcrumbList","@id":"https:\/\/riscreen.de\/en\/compliance-management\/compliance-software\/#breadcrumb","itemListElement":[{"@type":"ListItem","position":1,"name":"Home","item":"https:\/\/riscreen.de\/en\/"},{"@type":"ListItem","position":2,"name":"Compliance Management","item":"https:\/\/riscreen.de\/en\/compliance-management\/"},{"@type":"ListItem","position":3,"name":"Riscreen Compliance Software"}]},{"@type":"WebSite","@id":"https:\/\/riscreen.de\/en\/#website","url":"https:\/\/riscreen.de\/en\/","name":"Riscreen","description":"Compliance Consulting","publisher":{"@id":"https:\/\/riscreen.de\/en\/#organization"},"potentialAction":[{"@type":"SearchAction","target":{"@type":"EntryPoint","urlTemplate":"https:\/\/riscreen.de\/en\/?s={search_term_string}"},"query-input":{"@type":"PropertyValueSpecification","valueRequired":true,"valueName":"search_term_string"}}],"inLanguage":"en-GB"},{"@type":"Organization","@id":"https:\/\/riscreen.de\/en\/#organization","name":"Riscreen","url":"https:\/\/riscreen.de\/en\/","logo":{"@type":"ImageObject","inLanguage":"en-GB","@id":"https:\/\/riscreen.de\/en\/#\/schema\/logo\/image\/","url":"https:\/\/riscreen.de\/en\/wp-content\/uploads\/sites\/2\/2022\/05\/riscreen_logo_rgb.png","contentUrl":"https:\/\/riscreen.de\/en\/wp-content\/uploads\/sites\/2\/2022\/05\/riscreen_logo_rgb.png","width":505,"height":95,"caption":"Riscreen"},"image":{"@id":"https:\/\/riscreen.de\/en\/#\/schema\/logo\/image\/"}}]}},"_links":{"self":[{"href":"https:\/\/riscreen.de\/en\/wp-json\/wp\/v2\/pages\/3431","targetHints":{"allow":["GET"]}}],"collection":[{"href":"https:\/\/riscreen.de\/en\/wp-json\/wp\/v2\/pages"}],"about":[{"href":"https:\/\/riscreen.de\/en\/wp-json\/wp\/v2\/types\/page"}],"author":[{"embeddable":true,"href":"https:\/\/riscreen.de\/en\/wp-json\/wp\/v2\/users\/3"}],"replies":[{"embeddable":true,"href":"https:\/\/riscreen.de\/en\/wp-json\/wp\/v2\/comments?post=3431"}],"version-history":[{"count":0,"href":"https:\/\/riscreen.de\/en\/wp-json\/wp\/v2\/pages\/3431\/revisions"}],"up":[{"embeddable":true,"href":"https:\/\/riscreen.de\/en\/wp-json\/wp\/v2\/pages\/15"}],"wp:attachment":[{"href":"https:\/\/riscreen.de\/en\/wp-json\/wp\/v2\/media?parent=3431"}],"curies":[{"name":"wp","href":"https:\/\/api.w.org\/{rel}","templated":true}]}}