{"id":2318,"date":"2018-05-25T14:41:48","date_gmt":"2018-05-25T12:41:48","guid":{"rendered":"https:\/\/www.riscreen.de\/?page_id=2318"},"modified":"2018-05-25T14:41:48","modified_gmt":"2018-05-25T12:41:48","slug":"gdpr-info-download","status":"publish","type":"page","link":"https:\/\/riscreen.de\/en\/gdpr-info-download\/","title":{"rendered":"GDPR Info Presentation Download"},"content":{"rendered":"\n<p>Hier finden Sie die Pr\u00e4sentation zum DSGVO Infoabend vom 17.05.2018<\/p>\n\n\n\n<p>Titel: Was bedeutet die DSGVO f\u00fcr mein Unternehmen?<\/p>\n\n\n\n<p>Referent<br><a href=\"https:\/\/sandbox4.lapano.com\/unternehmen\/management\/\">Gesch\u00e4ftsf\u00fchrer Riscreen GmbH<\/a> (Zert. Datenschutzbeauftragter)<\/p>\n\n\n\n<p>Henrik v. Kunhardt hat langj\u00e4hrige Erfahrung als Berater und Projektmanager f\u00fcr Compliancethemen. Er ist zertifizierter Datenschutzbeauftragter und vertritt als bestellter Datenschutz- und Geldw\u00e4schebeauftragter Unternehmen gg\u00fc. Beh\u00f6rden.<\/p>\n\n\n<h3 class=\"wp-block-heading\" id=\"inhalte\">Inhalte<\/h3>\n\n\n<ul class=\"wp-block-list\"><li>Grundlegendes zum Datenschutz<\/li><li>Einwilligung, Zweckbindung, Nachweispflicht<\/li><li>Auftragsdatenverarbeitung<\/li><li>Rechte der Betroffenen<\/li><li>Technische und organisatorische Ma\u00dfnahmen (TOMs)<\/li><li>Meldepflichten<\/li><li>Datenschutz in unterschiedlichen Branchen<\/li><\/ul>\n\n\n\n<p>Diese Pr\u00e4sentation ist nur f\u00fcr den pers\u00f6nlichen Gebrauch bestimmt und darf nicht distribuiert werden. <a href=\"https:\/\/riscreen.de\/en\/wp-content\/uploads\/sites\/2\/2022\/06\/2018_05_25_Datenschutzuebersicht_riscreengmbh.pdf\" target=\"_blank\" rel=\"noreferrer noopener\">Sie k\u00f6nnen die Pr\u00e4sentation hier herunterladen<\/a>.<\/p>\n","protected":false},"excerpt":{"rendered":"<p>Hier finden Sie die Pr\u00e4sentation zum DSGVO Infoabend vom 17.05.2018 Titel: Was bedeutet die DSGVO f\u00fcr mein Unternehmen? ReferentGesch\u00e4ftsf\u00fchrer Riscreen GmbH (Zert. Datenschutzbeauftragter) Henrik v. Kunhardt hat langj\u00e4hrige Erfahrung als Berater und Projektmanager f\u00fcr Compliancethemen. Er ist zertifizierter Datenschutzbeauftragter und vertritt als bestellter Datenschutz- und Geldw\u00e4schebeauftragter Unternehmen gg\u00fc. Beh\u00f6rden. Inhalte Grundlegendes zum Datenschutz Einwilligung, Zweckbindung, [&hellip;]<\/p>\n","protected":false},"author":3,"featured_media":3622,"parent":0,"menu_order":0,"comment_status":"closed","ping_status":"closed","template":"","meta":{"footnotes":""},"class_list":["post-2318","page","type-page","status-publish","has-post-thumbnail","hentry"],"yoast_head":"<!-- This site is optimized with the Yoast SEO plugin v27.4 - https:\/\/yoast.com\/product\/yoast-seo-wordpress\/ -->\n<title>GDPR Info Presentation Download | Riscreen<\/title>\n<meta name=\"robots\" content=\"index, follow, max-snippet:-1, max-image-preview:large, max-video-preview:-1\" \/>\n<link rel=\"canonical\" href=\"https:\/\/riscreen.de\/en\/gdpr-info-download\/\" \/>\n<meta property=\"og:locale\" content=\"en_GB\" \/>\n<meta property=\"og:type\" content=\"article\" \/>\n<meta property=\"og:title\" content=\"GDPR Info Presentation Download | Riscreen\" \/>\n<meta property=\"og:description\" content=\"Hier finden Sie die Pr\u00e4sentation zum DSGVO Infoabend vom 17.05.2018 Titel: Was bedeutet die DSGVO f\u00fcr mein Unternehmen? ReferentGesch\u00e4ftsf\u00fchrer Riscreen GmbH (Zert. Datenschutzbeauftragter) Henrik v. Kunhardt hat langj\u00e4hrige Erfahrung als Berater und Projektmanager f\u00fcr Compliancethemen. Er ist zertifizierter Datenschutzbeauftragter und vertritt als bestellter Datenschutz- und Geldw\u00e4schebeauftragter Unternehmen gg\u00fc. Beh\u00f6rden. Inhalte Grundlegendes zum Datenschutz Einwilligung, Zweckbindung, [&hellip;]\" \/>\n<meta property=\"og:url\" content=\"https:\/\/riscreen.de\/en\/gdpr-info-download\/\" \/>\n<meta property=\"og:site_name\" content=\"Riscreen\" \/>\n<meta property=\"og:image\" content=\"https:\/\/riscreen.de\/en\/wp-content\/uploads\/sites\/2\/2022\/06\/Datenschutzuebersicht_riscreen-gmbh.png\" \/>\n\t<meta property=\"og:image:width\" content=\"1024\" \/>\n\t<meta property=\"og:image:height\" content=\"709\" \/>\n\t<meta property=\"og:image:type\" content=\"image\/png\" \/>\n<meta name=\"twitter:card\" content=\"summary_large_image\" \/>\n<meta name=\"twitter:label1\" content=\"Estimated reading time\" \/>\n\t<meta name=\"twitter:data1\" content=\"1 minute\" \/>\n<script type=\"application\/ld+json\" class=\"yoast-schema-graph\">{\"@context\":\"https:\\\/\\\/schema.org\",\"@graph\":[{\"@type\":\"WebPage\",\"@id\":\"https:\\\/\\\/riscreen.de\\\/en\\\/gdpr-info-download\\\/\",\"url\":\"https:\\\/\\\/riscreen.de\\\/en\\\/gdpr-info-download\\\/\",\"name\":\"GDPR Info Presentation Download | Riscreen\",\"isPartOf\":{\"@id\":\"https:\\\/\\\/riscreen.de\\\/en\\\/#website\"},\"primaryImageOfPage\":{\"@id\":\"https:\\\/\\\/riscreen.de\\\/en\\\/gdpr-info-download\\\/#primaryimage\"},\"image\":{\"@id\":\"https:\\\/\\\/riscreen.de\\\/en\\\/gdpr-info-download\\\/#primaryimage\"},\"thumbnailUrl\":\"https:\\\/\\\/riscreen.de\\\/en\\\/wp-content\\\/uploads\\\/sites\\\/2\\\/2022\\\/06\\\/Datenschutzuebersicht_riscreen-gmbh.png\",\"datePublished\":\"2018-05-25T12:41:48+00:00\",\"breadcrumb\":{\"@id\":\"https:\\\/\\\/riscreen.de\\\/en\\\/gdpr-info-download\\\/#breadcrumb\"},\"inLanguage\":\"en-GB\",\"potentialAction\":[{\"@type\":\"ReadAction\",\"target\":[\"https:\\\/\\\/riscreen.de\\\/en\\\/gdpr-info-download\\\/\"]}]},{\"@type\":\"ImageObject\",\"inLanguage\":\"en-GB\",\"@id\":\"https:\\\/\\\/riscreen.de\\\/en\\\/gdpr-info-download\\\/#primaryimage\",\"url\":\"https:\\\/\\\/riscreen.de\\\/en\\\/wp-content\\\/uploads\\\/sites\\\/2\\\/2022\\\/06\\\/Datenschutzuebersicht_riscreen-gmbh.png\",\"contentUrl\":\"https:\\\/\\\/riscreen.de\\\/en\\\/wp-content\\\/uploads\\\/sites\\\/2\\\/2022\\\/06\\\/Datenschutzuebersicht_riscreen-gmbh.png\",\"width\":1024,\"height\":709},{\"@type\":\"BreadcrumbList\",\"@id\":\"https:\\\/\\\/riscreen.de\\\/en\\\/gdpr-info-download\\\/#breadcrumb\",\"itemListElement\":[{\"@type\":\"ListItem\",\"position\":1,\"name\":\"Home\",\"item\":\"https:\\\/\\\/riscreen.de\\\/en\\\/\"},{\"@type\":\"ListItem\",\"position\":2,\"name\":\"GDPR Info Presentation Download\"}]},{\"@type\":\"WebSite\",\"@id\":\"https:\\\/\\\/riscreen.de\\\/en\\\/#website\",\"url\":\"https:\\\/\\\/riscreen.de\\\/en\\\/\",\"name\":\"Riscreen\",\"description\":\"Compliance Consulting\",\"publisher\":{\"@id\":\"https:\\\/\\\/riscreen.de\\\/en\\\/#organization\"},\"potentialAction\":[{\"@type\":\"SearchAction\",\"target\":{\"@type\":\"EntryPoint\",\"urlTemplate\":\"https:\\\/\\\/riscreen.de\\\/en\\\/?s={search_term_string}\"},\"query-input\":{\"@type\":\"PropertyValueSpecification\",\"valueRequired\":true,\"valueName\":\"search_term_string\"}}],\"inLanguage\":\"en-GB\"},{\"@type\":\"Organization\",\"@id\":\"https:\\\/\\\/riscreen.de\\\/en\\\/#organization\",\"name\":\"Riscreen\",\"url\":\"https:\\\/\\\/riscreen.de\\\/en\\\/\",\"logo\":{\"@type\":\"ImageObject\",\"inLanguage\":\"en-GB\",\"@id\":\"https:\\\/\\\/riscreen.de\\\/en\\\/#\\\/schema\\\/logo\\\/image\\\/\",\"url\":\"https:\\\/\\\/riscreen.de\\\/en\\\/wp-content\\\/uploads\\\/sites\\\/2\\\/2022\\\/05\\\/riscreen_logo_rgb.png\",\"contentUrl\":\"https:\\\/\\\/riscreen.de\\\/en\\\/wp-content\\\/uploads\\\/sites\\\/2\\\/2022\\\/05\\\/riscreen_logo_rgb.png\",\"width\":505,\"height\":95,\"caption\":\"Riscreen\"},\"image\":{\"@id\":\"https:\\\/\\\/riscreen.de\\\/en\\\/#\\\/schema\\\/logo\\\/image\\\/\"}}]}<\/script>\n<!-- \/ Yoast SEO plugin. -->","yoast_head_json":{"title":"GDPR Info Presentation Download | Riscreen","robots":{"index":"index","follow":"follow","max-snippet":"max-snippet:-1","max-image-preview":"max-image-preview:large","max-video-preview":"max-video-preview:-1"},"canonical":"https:\/\/riscreen.de\/en\/gdpr-info-download\/","og_locale":"en_GB","og_type":"article","og_title":"GDPR Info Presentation Download | Riscreen","og_description":"Hier finden Sie die Pr\u00e4sentation zum DSGVO Infoabend vom 17.05.2018 Titel: Was bedeutet die DSGVO f\u00fcr mein Unternehmen? ReferentGesch\u00e4ftsf\u00fchrer Riscreen GmbH (Zert. Datenschutzbeauftragter) Henrik v. Kunhardt hat langj\u00e4hrige Erfahrung als Berater und Projektmanager f\u00fcr Compliancethemen. Er ist zertifizierter Datenschutzbeauftragter und vertritt als bestellter Datenschutz- und Geldw\u00e4schebeauftragter Unternehmen gg\u00fc. Beh\u00f6rden. Inhalte Grundlegendes zum Datenschutz Einwilligung, Zweckbindung, [&hellip;]","og_url":"https:\/\/riscreen.de\/en\/gdpr-info-download\/","og_site_name":"Riscreen","og_image":[{"width":1024,"height":709,"url":"https:\/\/riscreen.de\/en\/wp-content\/uploads\/sites\/2\/2022\/06\/Datenschutzuebersicht_riscreen-gmbh.png","type":"image\/png"}],"twitter_card":"summary_large_image","twitter_misc":{"Estimated reading time":"1 minute"},"schema":{"@context":"https:\/\/schema.org","@graph":[{"@type":"WebPage","@id":"https:\/\/riscreen.de\/en\/gdpr-info-download\/","url":"https:\/\/riscreen.de\/en\/gdpr-info-download\/","name":"GDPR Info Presentation Download | Riscreen","isPartOf":{"@id":"https:\/\/riscreen.de\/en\/#website"},"primaryImageOfPage":{"@id":"https:\/\/riscreen.de\/en\/gdpr-info-download\/#primaryimage"},"image":{"@id":"https:\/\/riscreen.de\/en\/gdpr-info-download\/#primaryimage"},"thumbnailUrl":"https:\/\/riscreen.de\/en\/wp-content\/uploads\/sites\/2\/2022\/06\/Datenschutzuebersicht_riscreen-gmbh.png","datePublished":"2018-05-25T12:41:48+00:00","breadcrumb":{"@id":"https:\/\/riscreen.de\/en\/gdpr-info-download\/#breadcrumb"},"inLanguage":"en-GB","potentialAction":[{"@type":"ReadAction","target":["https:\/\/riscreen.de\/en\/gdpr-info-download\/"]}]},{"@type":"ImageObject","inLanguage":"en-GB","@id":"https:\/\/riscreen.de\/en\/gdpr-info-download\/#primaryimage","url":"https:\/\/riscreen.de\/en\/wp-content\/uploads\/sites\/2\/2022\/06\/Datenschutzuebersicht_riscreen-gmbh.png","contentUrl":"https:\/\/riscreen.de\/en\/wp-content\/uploads\/sites\/2\/2022\/06\/Datenschutzuebersicht_riscreen-gmbh.png","width":1024,"height":709},{"@type":"BreadcrumbList","@id":"https:\/\/riscreen.de\/en\/gdpr-info-download\/#breadcrumb","itemListElement":[{"@type":"ListItem","position":1,"name":"Home","item":"https:\/\/riscreen.de\/en\/"},{"@type":"ListItem","position":2,"name":"GDPR Info Presentation Download"}]},{"@type":"WebSite","@id":"https:\/\/riscreen.de\/en\/#website","url":"https:\/\/riscreen.de\/en\/","name":"Riscreen","description":"Compliance Consulting","publisher":{"@id":"https:\/\/riscreen.de\/en\/#organization"},"potentialAction":[{"@type":"SearchAction","target":{"@type":"EntryPoint","urlTemplate":"https:\/\/riscreen.de\/en\/?s={search_term_string}"},"query-input":{"@type":"PropertyValueSpecification","valueRequired":true,"valueName":"search_term_string"}}],"inLanguage":"en-GB"},{"@type":"Organization","@id":"https:\/\/riscreen.de\/en\/#organization","name":"Riscreen","url":"https:\/\/riscreen.de\/en\/","logo":{"@type":"ImageObject","inLanguage":"en-GB","@id":"https:\/\/riscreen.de\/en\/#\/schema\/logo\/image\/","url":"https:\/\/riscreen.de\/en\/wp-content\/uploads\/sites\/2\/2022\/05\/riscreen_logo_rgb.png","contentUrl":"https:\/\/riscreen.de\/en\/wp-content\/uploads\/sites\/2\/2022\/05\/riscreen_logo_rgb.png","width":505,"height":95,"caption":"Riscreen"},"image":{"@id":"https:\/\/riscreen.de\/en\/#\/schema\/logo\/image\/"}}]}},"_links":{"self":[{"href":"https:\/\/riscreen.de\/en\/wp-json\/wp\/v2\/pages\/2318","targetHints":{"allow":["GET"]}}],"collection":[{"href":"https:\/\/riscreen.de\/en\/wp-json\/wp\/v2\/pages"}],"about":[{"href":"https:\/\/riscreen.de\/en\/wp-json\/wp\/v2\/types\/page"}],"author":[{"embeddable":true,"href":"https:\/\/riscreen.de\/en\/wp-json\/wp\/v2\/users\/3"}],"replies":[{"embeddable":true,"href":"https:\/\/riscreen.de\/en\/wp-json\/wp\/v2\/comments?post=2318"}],"version-history":[{"count":0,"href":"https:\/\/riscreen.de\/en\/wp-json\/wp\/v2\/pages\/2318\/revisions"}],"wp:featuredmedia":[{"embeddable":true,"href":"https:\/\/riscreen.de\/en\/wp-json\/wp\/v2\/media\/3622"}],"wp:attachment":[{"href":"https:\/\/riscreen.de\/en\/wp-json\/wp\/v2\/media?parent=2318"}],"curies":[{"name":"wp","href":"https:\/\/api.w.org\/{rel}","templated":true}]}}