{"id":11,"date":"2014-12-02T10:24:58","date_gmt":"2014-12-02T09:24:58","guid":{"rendered":"http:\/\/www.riscreen.de\/?page_id=11"},"modified":"2014-12-02T10:24:58","modified_gmt":"2014-12-02T09:24:58","slug":"usage-information","status":"publish","type":"page","link":"https:\/\/riscreen.de\/en\/usage-information\/","title":{"rendered":"Usage information"},"content":{"rendered":"<p style=\"text-align: justify\">Urheberrecht<\/p>\n<p style=\"text-align: justify\">Alle in der vorliegenden Pr\u00e4sentation dargestellten Informationen, Konzepte, Ideen, Prozesse und sonstigen Darstellungen sind, sofern nicht schon durch andere Schutzrechte belegt, das geistige Eigentum der Riscreen und Ihrer Gesellschafter. Jegliche Nutzung, Weitergabe, Vervielf\u00e4ltigung oder sonstige Verwertung der Pr\u00e4sentation und von im Rahmen der Vorstellung erbrachten Informationen sind vollst\u00e4ndig und in Teilen untersagt und bed\u00fcrfen eine vorherigen gesonderten, schriftlichen Genehmigung durch die Gesellschafter der Riscreen sofern eine Nutzung \u00fcber den Zweck der Vorstellung durch die Gesellschafter der Riscreen hinaus beabsichtigt ist. Die Vorschriften des Urheberrechtsgesetzes (UrhG) und analoger internationaler Normen sind anzuwenden.<\/p>\n<p style=\"text-align: justify\">\u00a9 Riscreen 2014 Alle Rechte vorbehalten<\/p>\n","protected":false},"excerpt":{"rendered":"<p>Urheberrecht Alle in der vorliegenden Pr\u00e4sentation dargestellten Informationen, Konzepte, Ideen, Prozesse und sonstigen Darstellungen sind, sofern nicht schon durch andere Schutzrechte belegt, das geistige Eigentum der Riscreen und Ihrer Gesellschafter. Jegliche Nutzung, Weitergabe, Vervielf\u00e4ltigung oder sonstige Verwertung der Pr\u00e4sentation und von im Rahmen der Vorstellung erbrachten Informationen sind vollst\u00e4ndig und in Teilen untersagt und bed\u00fcrfen [&hellip;]<\/p>\n","protected":false},"author":3,"featured_media":0,"parent":0,"menu_order":0,"comment_status":"closed","ping_status":"closed","template":"","meta":{"footnotes":""},"class_list":["post-11","page","type-page","status-publish","hentry"],"yoast_head":"<!-- This site is optimized with the Yoast SEO plugin v27.4 - https:\/\/yoast.com\/product\/yoast-seo-wordpress\/ -->\n<title>Usage information | Riscreen<\/title>\n<meta name=\"robots\" content=\"index, follow, max-snippet:-1, max-image-preview:large, max-video-preview:-1\" \/>\n<link rel=\"canonical\" href=\"https:\/\/riscreen.de\/en\/usage-information\/\" \/>\n<meta property=\"og:locale\" content=\"en_GB\" \/>\n<meta property=\"og:type\" content=\"article\" \/>\n<meta property=\"og:title\" content=\"Usage information | Riscreen\" \/>\n<meta property=\"og:description\" content=\"Urheberrecht Alle in der vorliegenden Pr\u00e4sentation dargestellten Informationen, Konzepte, Ideen, Prozesse und sonstigen Darstellungen sind, sofern nicht schon durch andere Schutzrechte belegt, das geistige Eigentum der Riscreen und Ihrer Gesellschafter. Jegliche Nutzung, Weitergabe, Vervielf\u00e4ltigung oder sonstige Verwertung der Pr\u00e4sentation und von im Rahmen der Vorstellung erbrachten Informationen sind vollst\u00e4ndig und in Teilen untersagt und bed\u00fcrfen [&hellip;]\" \/>\n<meta property=\"og:url\" content=\"https:\/\/riscreen.de\/en\/usage-information\/\" \/>\n<meta property=\"og:site_name\" content=\"Riscreen\" \/>\n<meta property=\"og:image\" content=\"https:\/\/riscreen.de\/en\/wp-content\/uploads\/sites\/2\/2022\/05\/riscreen-compliance-cover-1.jpg\" \/>\n\t<meta property=\"og:image:width\" content=\"1920\" \/>\n\t<meta property=\"og:image:height\" content=\"1269\" \/>\n\t<meta property=\"og:image:type\" content=\"image\/jpeg\" \/>\n<meta name=\"twitter:card\" content=\"summary_large_image\" \/>\n<meta name=\"twitter:label1\" content=\"Estimated reading time\" \/>\n\t<meta name=\"twitter:data1\" content=\"1 minute\" \/>\n<script type=\"application\/ld+json\" class=\"yoast-schema-graph\">{\"@context\":\"https:\\\/\\\/schema.org\",\"@graph\":[{\"@type\":\"WebPage\",\"@id\":\"https:\\\/\\\/riscreen.de\\\/en\\\/usage-information\\\/\",\"url\":\"https:\\\/\\\/riscreen.de\\\/en\\\/usage-information\\\/\",\"name\":\"Usage information | Riscreen\",\"isPartOf\":{\"@id\":\"https:\\\/\\\/riscreen.de\\\/en\\\/#website\"},\"datePublished\":\"2014-12-02T09:24:58+00:00\",\"breadcrumb\":{\"@id\":\"https:\\\/\\\/riscreen.de\\\/en\\\/usage-information\\\/#breadcrumb\"},\"inLanguage\":\"en-GB\",\"potentialAction\":[{\"@type\":\"ReadAction\",\"target\":[\"https:\\\/\\\/riscreen.de\\\/en\\\/usage-information\\\/\"]}]},{\"@type\":\"BreadcrumbList\",\"@id\":\"https:\\\/\\\/riscreen.de\\\/en\\\/usage-information\\\/#breadcrumb\",\"itemListElement\":[{\"@type\":\"ListItem\",\"position\":1,\"name\":\"Home\",\"item\":\"https:\\\/\\\/riscreen.de\\\/en\\\/\"},{\"@type\":\"ListItem\",\"position\":2,\"name\":\"Usage information\"}]},{\"@type\":\"WebSite\",\"@id\":\"https:\\\/\\\/riscreen.de\\\/en\\\/#website\",\"url\":\"https:\\\/\\\/riscreen.de\\\/en\\\/\",\"name\":\"Riscreen\",\"description\":\"Compliance Consulting\",\"publisher\":{\"@id\":\"https:\\\/\\\/riscreen.de\\\/en\\\/#organization\"},\"potentialAction\":[{\"@type\":\"SearchAction\",\"target\":{\"@type\":\"EntryPoint\",\"urlTemplate\":\"https:\\\/\\\/riscreen.de\\\/en\\\/?s={search_term_string}\"},\"query-input\":{\"@type\":\"PropertyValueSpecification\",\"valueRequired\":true,\"valueName\":\"search_term_string\"}}],\"inLanguage\":\"en-GB\"},{\"@type\":\"Organization\",\"@id\":\"https:\\\/\\\/riscreen.de\\\/en\\\/#organization\",\"name\":\"Riscreen\",\"url\":\"https:\\\/\\\/riscreen.de\\\/en\\\/\",\"logo\":{\"@type\":\"ImageObject\",\"inLanguage\":\"en-GB\",\"@id\":\"https:\\\/\\\/riscreen.de\\\/en\\\/#\\\/schema\\\/logo\\\/image\\\/\",\"url\":\"https:\\\/\\\/riscreen.de\\\/en\\\/wp-content\\\/uploads\\\/sites\\\/2\\\/2022\\\/05\\\/riscreen_logo_rgb.png\",\"contentUrl\":\"https:\\\/\\\/riscreen.de\\\/en\\\/wp-content\\\/uploads\\\/sites\\\/2\\\/2022\\\/05\\\/riscreen_logo_rgb.png\",\"width\":505,\"height\":95,\"caption\":\"Riscreen\"},\"image\":{\"@id\":\"https:\\\/\\\/riscreen.de\\\/en\\\/#\\\/schema\\\/logo\\\/image\\\/\"}}]}<\/script>\n<!-- \/ Yoast SEO plugin. -->","yoast_head_json":{"title":"Usage information | Riscreen","robots":{"index":"index","follow":"follow","max-snippet":"max-snippet:-1","max-image-preview":"max-image-preview:large","max-video-preview":"max-video-preview:-1"},"canonical":"https:\/\/riscreen.de\/en\/usage-information\/","og_locale":"en_GB","og_type":"article","og_title":"Usage information | Riscreen","og_description":"Urheberrecht Alle in der vorliegenden Pr\u00e4sentation dargestellten Informationen, Konzepte, Ideen, Prozesse und sonstigen Darstellungen sind, sofern nicht schon durch andere Schutzrechte belegt, das geistige Eigentum der Riscreen und Ihrer Gesellschafter. Jegliche Nutzung, Weitergabe, Vervielf\u00e4ltigung oder sonstige Verwertung der Pr\u00e4sentation und von im Rahmen der Vorstellung erbrachten Informationen sind vollst\u00e4ndig und in Teilen untersagt und bed\u00fcrfen [&hellip;]","og_url":"https:\/\/riscreen.de\/en\/usage-information\/","og_site_name":"Riscreen","og_image":[{"width":1920,"height":1269,"url":"https:\/\/riscreen.de\/en\/wp-content\/uploads\/sites\/2\/2022\/05\/riscreen-compliance-cover-1.jpg","type":"image\/jpeg"}],"twitter_card":"summary_large_image","twitter_misc":{"Estimated reading time":"1 minute"},"schema":{"@context":"https:\/\/schema.org","@graph":[{"@type":"WebPage","@id":"https:\/\/riscreen.de\/en\/usage-information\/","url":"https:\/\/riscreen.de\/en\/usage-information\/","name":"Usage information | Riscreen","isPartOf":{"@id":"https:\/\/riscreen.de\/en\/#website"},"datePublished":"2014-12-02T09:24:58+00:00","breadcrumb":{"@id":"https:\/\/riscreen.de\/en\/usage-information\/#breadcrumb"},"inLanguage":"en-GB","potentialAction":[{"@type":"ReadAction","target":["https:\/\/riscreen.de\/en\/usage-information\/"]}]},{"@type":"BreadcrumbList","@id":"https:\/\/riscreen.de\/en\/usage-information\/#breadcrumb","itemListElement":[{"@type":"ListItem","position":1,"name":"Home","item":"https:\/\/riscreen.de\/en\/"},{"@type":"ListItem","position":2,"name":"Usage information"}]},{"@type":"WebSite","@id":"https:\/\/riscreen.de\/en\/#website","url":"https:\/\/riscreen.de\/en\/","name":"Riscreen","description":"Compliance Consulting","publisher":{"@id":"https:\/\/riscreen.de\/en\/#organization"},"potentialAction":[{"@type":"SearchAction","target":{"@type":"EntryPoint","urlTemplate":"https:\/\/riscreen.de\/en\/?s={search_term_string}"},"query-input":{"@type":"PropertyValueSpecification","valueRequired":true,"valueName":"search_term_string"}}],"inLanguage":"en-GB"},{"@type":"Organization","@id":"https:\/\/riscreen.de\/en\/#organization","name":"Riscreen","url":"https:\/\/riscreen.de\/en\/","logo":{"@type":"ImageObject","inLanguage":"en-GB","@id":"https:\/\/riscreen.de\/en\/#\/schema\/logo\/image\/","url":"https:\/\/riscreen.de\/en\/wp-content\/uploads\/sites\/2\/2022\/05\/riscreen_logo_rgb.png","contentUrl":"https:\/\/riscreen.de\/en\/wp-content\/uploads\/sites\/2\/2022\/05\/riscreen_logo_rgb.png","width":505,"height":95,"caption":"Riscreen"},"image":{"@id":"https:\/\/riscreen.de\/en\/#\/schema\/logo\/image\/"}}]}},"_links":{"self":[{"href":"https:\/\/riscreen.de\/en\/wp-json\/wp\/v2\/pages\/11","targetHints":{"allow":["GET"]}}],"collection":[{"href":"https:\/\/riscreen.de\/en\/wp-json\/wp\/v2\/pages"}],"about":[{"href":"https:\/\/riscreen.de\/en\/wp-json\/wp\/v2\/types\/page"}],"author":[{"embeddable":true,"href":"https:\/\/riscreen.de\/en\/wp-json\/wp\/v2\/users\/3"}],"replies":[{"embeddable":true,"href":"https:\/\/riscreen.de\/en\/wp-json\/wp\/v2\/comments?post=11"}],"version-history":[{"count":0,"href":"https:\/\/riscreen.de\/en\/wp-json\/wp\/v2\/pages\/11\/revisions"}],"wp:attachment":[{"href":"https:\/\/riscreen.de\/en\/wp-json\/wp\/v2\/media?parent=11"}],"curies":[{"name":"wp","href":"https:\/\/api.w.org\/{rel}","templated":true}]}}